{"id":63,"date":"2024-03-14T19:09:10","date_gmt":"2024-03-14T18:09:10","guid":{"rendered":"https:\/\/parkingtim-hosting.com\/?page_id=63"},"modified":"2024-06-09T13:17:29","modified_gmt":"2024-06-09T11:17:29","slug":"about-us","status":"publish","type":"page","link":"https:\/\/parkingtim-hosting.com\/?page_id=63","title":{"rendered":"O nama"},"content":{"rendered":"\n\n\t<h3>\n\t\t\t\t\t&#8211; About \n\t\t\t\tPreview text\t\t\t\n\t\t\t\t\t&#8211;\n\t\t\t<\/h3>\n\t<p><em><strong>Parkingtim-hosting.com operated by Parking Tim Ltd.<\/strong><\/em><\/p>\n<p><a href=\"https:\/\/parkingtim.hr\" target=\"_blank\" rel=\"noopener\">Parking Tim Ltd<\/a>. is able to provide you with a whole range of services related to consulting, management and maintenance of parking lots. The company&#8217;s main activity is management and maintenance of public garages and parking lots. In charge of management, Parking Tim Ltd. is committed to offering the best service at acceptable rates by using its management experience and marketing activities with the goal of achieving maximum profit.<\/p>\n<p>The company is the result of a 10-year experience in the field of public garage management in Croatia. It employs trained and highly experienced personnel, reliable, young and ambitious people who perfect parking systems and bring them closer to users with their synthesis of knowledge and experience, using the capacity of a facility in the most profitable way possible.<\/p>\n<p><strong>MARKETING AND ADVERTISING<\/strong><\/p>\n<ul>\n<li>Use of attractive advertising locations (posters, panels&#8230;)<\/li>\n<li>Possibility of long-term advertising on parking tickets or similar products<\/li>\n<li>Web advertising, design and support&#8230;<\/li>\n<\/ul>\nPARKING TIM d.o.o.<br \/>\nProlaz M. K. Kozuli\u0107 2<br \/>\n51000 Rijeka, HRVATSKA<br \/>\nTel.: +385 (0)51 688 400<br \/>\nMob.: +385 (0)91 510 0281<br \/>\nFax.: +385 (0)51 688 402<br \/>\nWeb: <a href=\"https:\/\/parkingtim.hr\/\" target=\"_blank\" rel=\"noopener\">parkingtim.hr<\/a>\n\n\n\u010clan uprave: Kristijan Be\u010dei\u0107<br \/>\nmail02\n\n\n<p>Trgova\u010dki sud u Rijeci pod MBS: 070092256, OIB: 13318840187<\/p>\nPoslovna banka: Zagreba\u010dka banka d.d.<br \/>\nIBAN: HR40 2360 0001 1023 7351 3<br \/>\nSWIFT CODE: ZABAHR2X\n\n","protected":false},"excerpt":{"rendered":"<p>&#8211; About Preview text &#8211; Parkingtim-hosting.com operated by Parking Tim Ltd. Parking Tim Ltd. is able to provide you with a whole range of services related to consulting, management and maintenance of parking lots. The company&#8217;s main activity is management and maintenance of public garages and parking lots. In charge of management, Parking Tim Ltd.&hellip;<\/p>\n","protected":false},"author":1,"featured_media":0,"parent":0,"menu_order":0,"comment_status":"closed","ping_status":"closed","template":"","meta":{"footnotes":""},"class_list":["post-63","page","type-page","status-publish","hentry"],"_links":{"self":[{"href":"https:\/\/parkingtim-hosting.com\/index.php?rest_route=\/wp\/v2\/pages\/63"}],"collection":[{"href":"https:\/\/parkingtim-hosting.com\/index.php?rest_route=\/wp\/v2\/pages"}],"about":[{"href":"https:\/\/parkingtim-hosting.com\/index.php?rest_route=\/wp\/v2\/types\/page"}],"author":[{"embeddable":true,"href":"https:\/\/parkingtim-hosting.com\/index.php?rest_route=\/wp\/v2\/users\/1"}],"replies":[{"embeddable":true,"href":"https:\/\/parkingtim-hosting.com\/index.php?rest_route=%2Fwp%2Fv2%2Fcomments&post=63"}],"version-history":[{"count":4,"href":"https:\/\/parkingtim-hosting.com\/index.php?rest_route=\/wp\/v2\/pages\/63\/revisions"}],"predecessor-version":[{"id":201,"href":"https:\/\/parkingtim-hosting.com\/index.php?rest_route=\/wp\/v2\/pages\/63\/revisions\/201"}],"wp:attachment":[{"href":"https:\/\/parkingtim-hosting.com\/index.php?rest_route=%2Fwp%2Fv2%2Fmedia&parent=63"}],"curies":[{"name":"wp","href":"https:\/\/api.w.org\/{rel}","templated":true}]}}