{"id":6,"date":"2024-03-13T18:28:00","date_gmt":"2024-03-13T17:28:00","guid":{"rendered":"https:\/\/parkingtim-hosting.com\/?page_id=6"},"modified":"2025-08-28T14:20:08","modified_gmt":"2025-08-28T12:20:08","slug":"naslov","status":"publish","type":"page","link":"https:\/\/parkingtim-hosting.com\/","title":{"rendered":"Home"},"content":{"rendered":"\n\n\t<h2>Hosting i server management sustav po mjeri va\u0161ih web stranica<\/h2>\n\t\t<ul>\n\t\t\t\t\t<li>\n\t\t\t\t\t\t\t\t\t\t\t<img decoding=\"async\" src=\"https:\/\/parkingtim-hosting.com\/wp-content\/uploads\/2024\/05\/server.png\" alt=\"server\" role=\"presentation\" \/>\n\t\t\t\t<h3>Server management<\/h3>\n\t\t<p>server tehnologije najvi\u0161e klase I sigurnosti, smje\u0161teni u Hrvatskoj, dostupne po realnim cijenama\u00a0<\/p>\t\t\t\n\t\t\t<\/li>\n\t\t\t\t\t<li>\n\t\t\t\t\t\t\t\t\t\t\t<img decoding=\"async\" src=\"https:\/\/parkingtim-hosting.com\/wp-content\/uploads\/2024\/05\/izrada-webstranica.png\" alt=\"izrada-webstranica\" role=\"presentation\" \/>\n\t\t\t\t<h3>Izrada webstranica <\/h3>\n\t\t<p>WordPress CMS prilago\u0111en samo za vase potrebe I za idealan rad na na\u0161oj serverskoj infrastrukturi<\/p>\t\t\t\n\t\t\t<\/li>\n\t\t\t\t\t<li>\n\t\t\t\t\t\t\t\t\t\t\t<img decoding=\"async\" src=\"https:\/\/parkingtim-hosting.com\/wp-content\/uploads\/2024\/05\/web-design.png\" alt=\"web-design\" role=\"presentation\" \/>\n\t\t\t\t<h3>Web&#038;grafi\u010dki dizajn<\/h3>\n\t\t<p>izrada digitalne strategije I integracija automatiziranih aplikacija za digitalni\u00a0marketing I SEO optimatizaciju<\/p>\t\t\t\n\t\t\t<\/li>\n\t\t\t\t<\/ul>\n\t\t<ul>\n\t\t\t\t\t<li>\n\t\t\t\t\n\t\t<p><strong>Individualni pristup<\/strong> svakom klijentu, konfiguracija webstranice I servera prema specifi\u010dnim potrebama, strategija digitalnog marketinga&#8230;<\/p>\t\t\t\n\t\t\t<\/li>\n\t\t\t\t\t<li>\n\t\t\t\t\n\t\t<p><strong>Besplatni SSL certifikati<\/strong>\u00a0 za za\u0161titu osjetljivih podataka i sigurne mre\u017ene transakcije, besplatna instalacija I konfiguracija&#8230;<\/p>\t\t\t\n\t\t\t<\/li>\n\t\t\t\t\t<li>\n\t\t\t\t\n\t\t<p><strong>Skener zlonamjernog softvera<\/strong> za proaktivno otkrivanje i uklanjanje \u0161tetnih datoteka, automatska spam za\u0161tita emailova&#8230;<\/p>\t\t\t\n\t\t\t<\/li>\n\t\t\t\t\t<li>\n\t\t\t\t\n\t\t<p><strong>C-panel<\/strong> &#8211; pouzdan I jednostavan za kori\u0161tenje, dolazi sa svime \u0161to je potrebno za upravljanje va\u0161om web stranicom<\/p>\t\t\t\n\t\t\t<\/li>\n\t\t\t\t<\/ul>\n\t\t\t\t\tStarter\n\t\t\t\t\t\t\t\t\t\t\t<h4>10 GB prostora<\/h4>\n\t\t\t\t\t\t50 eur\n\t\t\t\t<ul role=\"list\"><li role=\"listitem\"><\/li><\/ul>\t\t\t\t\n\t\t\t<a href=\"\" target=\"_self\" role=\"button\" rel=\"noopener\">\n\t\t\t\t\t\t\tGet Started\n\t\t\t\t\t<\/a>\n\t\t\t\t\tBussiness\n\t\t\t\t\t\t\t\t\t\t\t<h4>50 GB prostora<\/h4>\n\t\t\t\t\t\t80 eur\n\t\t\t\t<ul role=\"list\"><li role=\"listitem\"><\/li><\/ul>\t\t\t\t\n\t\t\t<a href=\"\" target=\"_self\" role=\"button\" rel=\"noopener\">\n\t\t\t\t\t\t\tGet Started\n\t\t\t\t\t<\/a>\n\t\t\t\t\tSuperior\n\t\t\t\t\t\t\t\t\t\t\t<h4>100 GB prostora<\/h4>\n\t\t\t\t\t\t120 eur\n\t\t\t\t<ul role=\"list\"><li role=\"listitem\"><\/li><\/ul>\t\t\t\t\n\t\t\t<a href=\"\" target=\"_self\" role=\"button\" rel=\"noopener\">\n\t\t\t\t\t\t\tGet Started\n\t\t\t\t\t<\/a>\n\t\t\t\t<img loading=\"lazy\" decoding=\"async\" src=\"https:\/\/parkingtim-hosting.com\/wp-content\/uploads\/2024\/06\/LOGO_xx_1.gif\" alt=\"LOGO_xx_1\" itemprop=\"image\" height=\"273\" width=\"273\" title=\"LOGO_xx_1\" onerror=\"this.style.display='none'\"  \/>\n\t<h3>Klijentima prilago\u0111ena rje\u0161enja za web-stranice, aplikacije i hosting e-po\u0161te<\/h3>\n<p>Ne trebate nikakvo tehni\u010dko znanje niti morate administrirati poslu\u017eitelje. Na\u0161i iskusni tehni\u010dari u potpunosti \u0107e prilagoditi, upravljati i nadzirati va\u0161e poslu\u017eitelje umjesto vas.<\/p>\n<p>Svaka web stranica treba razli\u010dite postavke. Prilagodba poma\u017ee stvoriti jedinstvena web okru\u017eenja i pro\u0161irena online iskustva za va\u0161e klijente. \u00a0Ukoliko nam prepustite I izradu webstranica + grafi\u010dki&amp;web design, va\u0161 internet prostor u kombinaciji s prilago\u0111enim hostingom pretvaramo u maksimalno opimatiziranu I vama prilago\u0111enu &#8216;web ma\u0161inu&#8217; \u00a0programiranom da iskoristi svoj puni potencijal I kontinuirano pove\u0107ava svoj doseg\/profit\/prodaju&#8230;<\/p>\n<h2>\n\t\t\u0160to god vas zanima, pitajte\n\t<\/h2>\n\t<p>+385 91 491 0000 \u2022 info@parkingtim-hosting.com<\/p>\n\t<iframe src=\"https:\/\/www.google.com\/maps\/embed\/v1\/place?q=51000+Rijeka%2C+%C4%90ure+%C5%A0porera+2+A%2C+PARKING+TIM&#038;key=AIzaSyD09zQ9PNDNNy9TadMuzRV_UsPUoWKntt8\" aria-hidden=\"true\" title=\"PARKING TIM. \u0110ure \u0160porera 2 A, 51000 rijeka\"><\/iframe>\n\n","protected":false},"excerpt":{"rendered":"<p>Hosting i server management sustav po mjeri va\u0161ih web stranica Server management server tehnologije najvi\u0161e klase I sigurnosti, smje\u0161teni u Hrvatskoj, dostupne po realnim cijenama\u00a0 Izrada webstranica WordPress CMS prilago\u0111en samo za vase potrebe I za idealan rad na na\u0161oj serverskoj infrastrukturi Web&#038;grafi\u010dki dizajn izrada digitalne strategije I integracija automatiziranih aplikacija za digitalni\u00a0marketing I SEO&hellip;<\/p>\n","protected":false},"author":1,"featured_media":0,"parent":0,"menu_order":0,"comment_status":"closed","ping_status":"closed","template":"","meta":{"footnotes":""},"class_list":["post-6","page","type-page","status-publish","hentry"],"_links":{"self":[{"href":"https:\/\/parkingtim-hosting.com\/index.php?rest_route=\/wp\/v2\/pages\/6"}],"collection":[{"href":"https:\/\/parkingtim-hosting.com\/index.php?rest_route=\/wp\/v2\/pages"}],"about":[{"href":"https:\/\/parkingtim-hosting.com\/index.php?rest_route=\/wp\/v2\/types\/page"}],"author":[{"embeddable":true,"href":"https:\/\/parkingtim-hosting.com\/index.php?rest_route=\/wp\/v2\/users\/1"}],"replies":[{"embeddable":true,"href":"https:\/\/parkingtim-hosting.com\/index.php?rest_route=%2Fwp%2Fv2%2Fcomments&post=6"}],"version-history":[{"count":67,"href":"https:\/\/parkingtim-hosting.com\/index.php?rest_route=\/wp\/v2\/pages\/6\/revisions"}],"predecessor-version":[{"id":263,"href":"https:\/\/parkingtim-hosting.com\/index.php?rest_route=\/wp\/v2\/pages\/6\/revisions\/263"}],"wp:attachment":[{"href":"https:\/\/parkingtim-hosting.com\/index.php?rest_route=%2Fwp%2Fv2%2Fmedia&parent=6"}],"curies":[{"name":"wp","href":"https:\/\/api.w.org\/{rel}","templated":true}]}}