{"id":151,"date":"2024-05-28T13:00:21","date_gmt":"2024-05-28T11:00:21","guid":{"rendered":"https:\/\/parkingtim-hosting.com\/?page_id=151"},"modified":"2024-10-18T19:52:47","modified_gmt":"2024-10-18T17:52:47","slug":"izrada-webstranica","status":"publish","type":"page","link":"https:\/\/parkingtim-hosting.com\/?page_id=151","title":{"rendered":"Izrada webstranica"},"content":{"rendered":"\n\n\t<h1>Izrada webstranica<\/h1>\n<h3>Visokokvalitetni serveri smje\u0161teni u Hrvatskoju. Nudimo kvalitetne i brze web hosting pakete smje\u0161tene na jakim serverima o kojima se brinu profesionalci. Svi su hosting paketi prilago\u0111eni realnim potrebama korisnika te im omogu\u0107avaju najbolji omjer dobitka u odnosu na ulo\u017eeno, dok kvaliteta i pouzdanost nije kompromitirana niskom cijenom, te svi paketi zadovoljavaju stroge specifikacije struke.<\/h3>\n<p>&nbsp;<\/p>\n\t\t\t\t<img loading=\"lazy\" decoding=\"async\" src=\"https:\/\/parkingtim-hosting.com\/wp-content\/uploads\/2024\/05\/server.png\" alt=\"server\" itemprop=\"image\" height=\"88\" width=\"88\" title=\"server\" onerror=\"this.style.display='none'\"  \/>\n\t\t\t\t<img loading=\"lazy\" decoding=\"async\" src=\"https:\/\/parkingtim-hosting.com\/wp-content\/uploads\/2024\/05\/izrada-webstranica.png\" alt=\"izrada-webstranica\" itemprop=\"image\" height=\"88\" width=\"88\" title=\"izrada-webstranica\" onerror=\"this.style.display='none'\"  \/>\n\t\t\t\t<img loading=\"lazy\" decoding=\"async\" src=\"https:\/\/parkingtim-hosting.com\/wp-content\/uploads\/2024\/05\/web-design.png\" alt=\"web-design\" itemprop=\"image\" height=\"88\" width=\"88\" title=\"web-design\" onerror=\"this.style.display='none'\"  \/>\n\n","protected":false},"excerpt":{"rendered":"<p>Izrada webstranica Visokokvalitetni serveri smje\u0161teni u Hrvatskoju. Nudimo kvalitetne i brze web hosting pakete smje\u0161tene na jakim serverima o kojima se brinu profesionalci. Svi su hosting paketi prilago\u0111eni realnim potrebama korisnika te im omogu\u0107avaju najbolji omjer dobitka u odnosu na ulo\u017eeno, dok kvaliteta i pouzdanost nije kompromitirana niskom cijenom, te svi paketi zadovoljavaju stroge specifikacije&hellip;<\/p>\n","protected":false},"author":1,"featured_media":0,"parent":0,"menu_order":0,"comment_status":"closed","ping_status":"closed","template":"","meta":{"footnotes":""},"class_list":["post-151","page","type-page","status-publish","hentry"],"_links":{"self":[{"href":"https:\/\/parkingtim-hosting.com\/index.php?rest_route=\/wp\/v2\/pages\/151"}],"collection":[{"href":"https:\/\/parkingtim-hosting.com\/index.php?rest_route=\/wp\/v2\/pages"}],"about":[{"href":"https:\/\/parkingtim-hosting.com\/index.php?rest_route=\/wp\/v2\/types\/page"}],"author":[{"embeddable":true,"href":"https:\/\/parkingtim-hosting.com\/index.php?rest_route=\/wp\/v2\/users\/1"}],"replies":[{"embeddable":true,"href":"https:\/\/parkingtim-hosting.com\/index.php?rest_route=%2Fwp%2Fv2%2Fcomments&post=151"}],"version-history":[{"count":5,"href":"https:\/\/parkingtim-hosting.com\/index.php?rest_route=\/wp\/v2\/pages\/151\/revisions"}],"predecessor-version":[{"id":252,"href":"https:\/\/parkingtim-hosting.com\/index.php?rest_route=\/wp\/v2\/pages\/151\/revisions\/252"}],"wp:attachment":[{"href":"https:\/\/parkingtim-hosting.com\/index.php?rest_route=%2Fwp%2Fv2%2Fmedia&parent=151"}],"curies":[{"name":"wp","href":"https:\/\/api.w.org\/{rel}","templated":true}]}}